{"id":10,"date":"2018-11-27T14:28:18","date_gmt":"2018-11-27T16:28:18","guid":{"rendered":"https:\/\/clinicawvieira.com.br\/?page_id=10"},"modified":"2023-05-11T19:08:33","modified_gmt":"2023-05-11T22:08:33","slug":"home","status":"publish","type":"page","link":"https:\/\/clinicawvieira.com.br\/","title":{"rendered":"Home"},"content":{"rendered":"<p>[et_pb_section fb_built=&#8221;1&#8243; custom_padding_last_edited=&#8221;on|phone&#8221; admin_label=&#8221;Header&#8221; _builder_version=&#8221;3.11&#8243; use_background_color_gradient=&#8221;on&#8221; background_color_gradient_start=&#8221;rgba(186,114,0,0.43)&#8221; background_color_gradient_end=&#8221;rgba(0,18,91,0.66)&#8221; background_color_gradient_direction=&#8221;243deg&#8221; background_color_gradient_start_position=&#8221;40%&#8221; background_color_gradient_overlays_image=&#8221;on&#8221; background_image=&#8221;https:\/\/clinicawvieira.com.br\/wp-content\/uploads\/2018\/11\/ODONT-CONSERVADORA-1.jpg&#8221; background_position=&#8221;center_right&#8221; custom_margin=&#8221;|||&#8221; custom_padding=&#8221;161px||161px||true|false&#8221; custom_padding_tablet=&#8221;||||false|false&#8221; custom_padding_phone=&#8221;||||false|false&#8221;][et_pb_row use_custom_width=&#8221;on&#8221; custom_width_px=&#8221;1280px&#8221; _builder_version=&#8221;3.11&#8243;][et_pb_column type=&#8221;1_2&#8243; _builder_version=&#8221;3.0.47&#8243; parallax=&#8221;off&#8221; parallax_method=&#8221;on&#8221;][\/et_pb_column][et_pb_column type=&#8221;1_2&#8243; _builder_version=&#8221;3.0.47&#8243; parallax=&#8221;off&#8221; parallax_method=&#8221;on&#8221;][et_pb_text _builder_version=&#8221;3.11&#8243; text_font=&#8221;||on||||||&#8221; text_font_size=&#8221;5px&#8221; header_font=&#8221;Arial||on||||||&#8221; header_text_color=&#8221;#160354&#8243; header_font_size=&#8221;34px&#8221; header_font_size_tablet=&#8221;35px&#8221; header_font_size_phone=&#8221;25px&#8221; header_font_size_last_edited=&#8221;on|desktop&#8221; header_line_height=&#8221;1.4em&#8221; header_2_font=&#8221;||||||||&#8221; header_2_text_color=&#8221;rgba(0,0,0,0.35)&#8221; header_2_font_size=&#8221;20px&#8221; header_2_line_height=&#8221;1.6em&#8221; text_orientation=&#8221;center&#8221; max_width=&#8221;64%&#8221; module_alignment=&#8221;right&#8221; animation_style=&#8221;slide&#8221; animation_direction=&#8221;bottom&#8221;]<\/p>\n<h1>Estamos prontos para atender voc\u00ea e as pessoas que voc\u00ea mais ama!<\/h1>\n<p>[\/et_pb_text][\/et_pb_column][\/et_pb_row][\/et_pb_section][et_pb_section fb_built=&#8221;1&#8243; admin_label=&#8221;Contact Info&#8221; _builder_version=&#8221;3.13&#8243; background_image=&#8221;https:\/\/clinicawvieira.com.br\/wp-content\/uploads\/2018\/11\/dentist-04.png&#8221; background_size=&#8221;initial&#8221; background_position=&#8221;top_center&#8221; custom_padding=&#8221;0|0px|0|0px|true|false&#8221;][et_pb_row use_custom_width=&#8221;on&#8221; custom_width_px=&#8221;1653px&#8221; custom_padding=&#8221;57px|5vw|57px|5vw|true|true&#8221; custom_padding_tablet=&#8221;|5vw||5vw||true&#8221; custom_padding_phone=&#8221;|5vw||5vw||true&#8221; custom_margin=&#8221;|||&#8221; custom_padding_last_edited=&#8221;on|desktop&#8221; background_color_4=&#8221;#b2b9c4&#8243; padding_1_tablet=&#8221;40px|||&#8221; padding_2_tablet=&#8221;40px|||&#8221; padding_3_tablet=&#8221;40px|||&#8221; padding_4_tablet=&#8221;20px||20px||true&#8221; padding_1_phone=&#8221;20px|||&#8221; padding_2_phone=&#8221;20px|||&#8221; padding_3_phone=&#8221;20px|||&#8221; padding_1_last_edited=&#8221;off|desktop&#8221; padding_2_last_edited=&#8221;off|desktop&#8221; padding_3_last_edited=&#8221;off|desktop&#8221; padding_4_last_edited=&#8221;off|desktop&#8221; _builder_version=&#8221;3.11&#8243; use_background_color_gradient=&#8221;on&#8221; background_color_gradient_start=&#8221;#00024f&#8221; background_color_gradient_end=&#8221;rgba(0,10,107,0.7)&#8221; background_color_gradient_direction=&#8221;108deg&#8221; border_radii=&#8221;|||14vw|14vw&#8221; box_shadow_style=&#8221;preset1&#8243; box_shadow_vertical=&#8221;20px&#8221; box_shadow_blur=&#8221;50px&#8221; box_shadow_color=&#8221;rgba(0,121,255,0.2)&#8221; module_alignment=&#8221;center&#8221; animation_style=&#8221;zoom&#8221; animation_direction=&#8221;top&#8221; animation_intensity_zoom=&#8221;1%&#8221;][et_pb_column type=&#8221;1_4&#8243; _builder_version=&#8221;3.0.47&#8243; padding_phone=&#8221;20px|||&#8221; padding_tablet=&#8221;40px|||&#8221; padding_last_edited=&#8221;off|desktop&#8221; parallax=&#8221;off&#8221; parallax_method=&#8221;on&#8221;][et_pb_blurb title=&#8221;Fale com a gente&#8221; use_icon=&#8221;on&#8221; font_icon=&#8221;%%264%%&#8221; icon_color=&#8221;#ffffff&#8221; icon_placement=&#8221;left&#8221; _builder_version=&#8221;3.11&#8243; header_font=&#8221;Cantata One||||||||&#8221; header_line_height=&#8221;1.6em&#8221; body_font=&#8221;||||||||&#8221; body_line_height=&#8221;2em&#8221; background_layout=&#8221;dark&#8221; animation=&#8221;off&#8221;]<a href=\"tel:1144367530\">(11) 4436-7530<\/a><br \/>\n[\/et_pb_blurb][\/et_pb_column][et_pb_column type=&#8221;1_4&#8243; _builder_version=&#8221;3.0.47&#8243; padding_phone=&#8221;20px|||&#8221; padding_tablet=&#8221;40px|||&#8221; padding_last_edited=&#8221;off|desktop&#8221; parallax=&#8221;off&#8221; parallax_method=&#8221;on&#8221;][et_pb_blurb title=&#8221;Cl\u00ednica&#8221; use_icon=&#8221;on&#8221; font_icon=&#8221;%%227%%&#8221; icon_color=&#8221;#ffffff&#8221; icon_placement=&#8221;left&#8221; _builder_version=&#8221;3.13&#8243; header_font=&#8221;Cantata One||||||||&#8221; header_line_height=&#8221;1.6em&#8221; body_font=&#8221;||||||||&#8221; body_line_height=&#8221;2em&#8221; background_layout=&#8221;dark&#8221; animation=&#8221;off&#8221;]Av Portugal, 397<br \/>\n<span style=\"font-size: 14px;\">14\u00ba andar &#8211; Sala 1.402<br \/>\n<\/span><span style=\"font-size: 14px;\">Centro Santo Andr\u00e9 &#8211; SP<\/span><br \/>\n[\/et_pb_blurb][\/et_pb_column][et_pb_column type=&#8221;1_4&#8243; _builder_version=&#8221;3.0.47&#8243; padding_phone=&#8221;20px|||&#8221; padding_tablet=&#8221;40px|||&#8221; padding_last_edited=&#8221;off|desktop&#8221; parallax=&#8221;off&#8221; parallax_method=&#8221;on&#8221;][et_pb_blurb title=&#8221;E-mail&#8221; use_icon=&#8221;on&#8221; font_icon=&#8221;%%259%%&#8221; icon_color=&#8221;#ffffff&#8221; icon_placement=&#8221;left&#8221; _builder_version=&#8221;3.11&#8243; header_font=&#8221;Cantata One||||||||&#8221; header_line_height=&#8221;1.6em&#8221; body_font=&#8221;||||||||&#8221; body_line_height=&#8221;2em&#8221; background_layout=&#8221;dark&#8221; animation=&#8221;off&#8221;]<a href=\"mailto:atendimento@clinicawvieira.com.br\">atendimento@clinicawvieira.com.br<\/a><br \/>\n[\/et_pb_blurb][\/et_pb_column][et_pb_column type=&#8221;1_4&#8243; _builder_version=&#8221;3.0.47&#8243; padding_tablet=&#8221;20px||20px||true&#8221; padding_last_edited=&#8221;off|desktop&#8221; background_color=&#8221;#b2b9c4&#8243; parallax=&#8221;off&#8221; parallax_method=&#8221;on&#8221;][et_pb_blurb title=&#8221;CROSP cl\u00ednica: 7755&#8243; _builder_version=&#8221;3.11&#8243; header_font=&#8221;||||||||&#8221; header_text_color=&#8221;#ffffff&#8221; body_font=&#8221;||||||||&#8221; body_text_color=&#8221;#ffffff&#8221; background_color=&#8221;#0c71c3&#8243; custom_margin=&#8221;0px|||&#8221; custom_padding=&#8221;10px|10px|10px|10px&#8221;]<\/p>\n<p>Resp T\u00e9cnico: Wellington Vieira CROSP 66490<\/p>\n<p>[\/et_pb_blurb][\/et_pb_column][\/et_pb_row][\/et_pb_section][et_pb_section fb_built=&#8221;1&#8243; admin_label=&#8221;Our Services&#8221; _builder_version=&#8221;3.11&#8243; background_image=&#8221;https:\/\/clinicawvieira.com.br\/wp-content\/uploads\/2018\/11\/dentist-19.png&#8221; custom_padding=&#8221;53px|0px|0|0px|false|false&#8221; bottom_divider_style=&#8221;wave&#8221; bottom_divider_color=&#8221;rgba(255,255,255,0)&#8221;][et_pb_row custom_padding=&#8221;61px|0px|35px|0px|false|false&#8221; _builder_version=&#8221;3.11&#8243;][et_pb_column type=&#8221;4_4&#8243; _builder_version=&#8221;3.0.47&#8243; parallax=&#8221;off&#8221; parallax_method=&#8221;on&#8221;][et_pb_text _builder_version=&#8221;3.11&#8243; text_font=&#8221;||on||||||&#8221; text_font_size=&#8221;18px&#8221;]<\/p>\n<p style=\"text-align: center;\">Em constante aprendizado, nossos profissionais buscam sempre proporcionar os melhores resultados, avaliando e indicando um tratamento personalizado de acordo com a sua necessidade.<br \/>\nOferecemos servi\u00e7os especializados em Ortodontia e Ortopedia Facial, Cirurgia Buco-Maxilo-Facial, Implantes, Laserterapia Facial, Pr\u00f3tese e Est\u00e9tica dental, preenchimento facial, e p\u00f3s-operat\u00f3rio.<br \/>\nMais que um tratamento, a cl\u00ednica oferece confiabilidade e aconchego em todos os nossos procedimentos.<\/p>\n<p>[\/et_pb_text][et_pb_button button_url=&#8221;https:\/\/clinicawvieira.com.br\/index.php\/sobre-nos\/&#8221; button_text=&#8221;Saiba Mais&#8221; button_alignment=&#8221;center&#8221; _builder_version=&#8221;3.11&#8243; custom_button=&#8221;on&#8221; button_text_color=&#8221;#ffffff&#8221; button_bg_color=&#8221;#010056&#8243; button_border_radius=&#8221;35px&#8221; button_font=&#8221;||||||||&#8221;][\/et_pb_button][\/et_pb_column][\/et_pb_row][et_pb_row use_custom_width=&#8221;on&#8221; width_unit=&#8221;off&#8221; custom_width_percent=&#8221;87%&#8221; use_custom_gutter=&#8221;on&#8221; custom_padding=&#8221;0|0px|0|0px|false|false&#8221; custom_margin=&#8221;40px||40px||true&#8221; _builder_version=&#8221;3.11&#8243; module_alignment=&#8221;center&#8221; locked=&#8221;off&#8221;][et_pb_column type=&#8221;1_4&#8243; _builder_version=&#8221;3.0.47&#8243; parallax=&#8221;off&#8221; parallax_method=&#8221;on&#8221;][et_pb_blurb title=&#8221;Ortodontia&#8221; image=&#8221;https:\/\/clinicawvieira.com.br\/wp-content\/uploads\/2018\/11\/1.jpg&#8221; _builder_version=&#8221;3.11&#8243; header_font=&#8221;Arial||||||||&#8221; header_text_color=&#8221;#03013a&#8221; header_font_size=&#8221;19px&#8221; header_line_height=&#8221;1.8em&#8221; border_radii_image=&#8221;on|40px|40px|40px|40px&#8221; border_width_all_image=&#8221;8px&#8221; border_color_all_image=&#8221;#03013a&#8221; text_orientation=&#8221;center&#8221;][\/et_pb_blurb][\/et_pb_column][et_pb_column type=&#8221;1_4&#8243; _builder_version=&#8221;3.0.47&#8243; parallax=&#8221;off&#8221; parallax_method=&#8221;on&#8221;][et_pb_blurb title=&#8221; Implantes&#8221; image=&#8221;https:\/\/clinicawvieira.com.br\/wp-content\/uploads\/2018\/11\/2.jpg&#8221; _builder_version=&#8221;3.11&#8243; header_font=&#8221;Arial||||||||&#8221; header_text_color=&#8221;#03013a&#8221; header_font_size=&#8221;19px&#8221; header_line_height=&#8221;1.8em&#8221; border_radii_image=&#8221;on|40px|40px|40px|40px&#8221; border_width_all_image=&#8221;8px&#8221; border_color_all_image=&#8221;#03013a&#8221; text_orientation=&#8221;center&#8221; locked=&#8221;off&#8221;][\/et_pb_blurb][\/et_pb_column][et_pb_column type=&#8221;1_4&#8243; _builder_version=&#8221;3.0.47&#8243; parallax=&#8221;off&#8221; parallax_method=&#8221;on&#8221;][et_pb_blurb title=&#8221;Est\u00e9tica dental&#8221; image=&#8221;https:\/\/clinicawvieira.com.br\/wp-content\/uploads\/2018\/11\/3.jpg&#8221; _builder_version=&#8221;3.11&#8243; header_font=&#8221;Arial||||||||&#8221; header_text_color=&#8221;#03013a&#8221; header_font_size=&#8221;19px&#8221; header_line_height=&#8221;1.8em&#8221; border_radii_image=&#8221;on|40px|40px|40px|40px&#8221; border_width_all_image=&#8221;9px&#8221; border_color_all_image=&#8221;#03013a&#8221; text_orientation=&#8221;center&#8221; locked=&#8221;off&#8221;][\/et_pb_blurb][\/et_pb_column][et_pb_column type=&#8221;1_4&#8243; _builder_version=&#8221;3.0.47&#8243; parallax=&#8221;off&#8221; parallax_method=&#8221;on&#8221;][et_pb_blurb title=&#8221; Ortopedia Facial&#8221; image=&#8221;https:\/\/clinicawvieira.com.br\/wp-content\/uploads\/2018\/11\/img-orto-funcional.jpg&#8221; _builder_version=&#8221;3.11&#8243; header_font=&#8221;Arial||||||||&#8221; header_text_color=&#8221;#03013a&#8221; header_font_size=&#8221;19px&#8221; header_line_height=&#8221;1.8em&#8221; border_radii_image=&#8221;on|40px|40px|40px|40px&#8221; border_width_all_image=&#8221;9px&#8221; border_color_all_image=&#8221;#03013a&#8221; text_orientation=&#8221;center&#8221; locked=&#8221;off&#8221;][\/et_pb_blurb][\/et_pb_column][\/et_pb_row][et_pb_row custom_padding=&#8221;0|0px|32px|0px|false|false&#8221; _builder_version=&#8221;3.11&#8243;][et_pb_column type=&#8221;4_4&#8243; _builder_version=&#8221;3.0.47&#8243; parallax=&#8221;off&#8221; parallax_method=&#8221;on&#8221;][et_pb_button button_url=&#8221;https:\/\/clinicawvieira.com.br\/index.php\/especialidades\/&#8221; button_text=&#8221;Outras Especialidades&#8221; button_alignment=&#8221;center&#8221; _builder_version=&#8221;3.11&#8243; custom_button=&#8221;on&#8221; button_text_color=&#8221;#ffffff&#8221; button_bg_color=&#8221;#03013a&#8221; button_border_width=&#8221;0px&#8221; button_border_radius=&#8221;100px&#8221; button_font=&#8221;||||||||&#8221;][\/et_pb_button][\/et_pb_column][\/et_pb_row][\/et_pb_section][et_pb_section fb_built=&#8221;1&#8243; prev_background_color=&#8221;#ffffff&#8221; next_background_color=&#8221;#ffffff&#8221; _builder_version=&#8221;3.11&#8243; background_image=&#8221;https:\/\/clinicawvieira.com.br\/wp-content\/uploads\/2018\/11\/maxresdefault-1.jpg&#8221; custom_padding=&#8221;86px|0px|164px|0px|false|false&#8221; top_divider_style=&#8221;wave&#8221; bottom_divider_style=&#8221;wave&#8221;][et_pb_row custom_padding=&#8221;141px|0px|27px|0px|false|false&#8221; _builder_version=&#8221;3.11&#8243;][et_pb_column type=&#8221;1_3&#8243; _builder_version=&#8221;3.0.47&#8243; parallax=&#8221;off&#8221; parallax_method=&#8221;on&#8221;][et_pb_testimonial author=&#8221;Eliane Dias&#8221; quote_icon_color=&#8221;#ffffff&#8221; quote_icon_background_color=&#8221;#ba8918&#8243; _builder_version=&#8221;3.11&#8243; body_font=&#8221;||||||||&#8221; body_text_color=&#8221;#ffffff&#8221; background_color=&#8221;#210447&#8243;]Em rela\u00e7\u00e3o ao implante ficou como eu queria que ficasse, e falando do Wellington tanto como dentista e como pessoa \u00e9 maravilhoso. Fez o que realmente falou que iria fazer no come\u00e7o, diferente de muitos dentistas, fez at\u00e9 mais do que esperava, estou adorando. Gostei e indico para outras pessoas, pois gosto muito do servi\u00e7o dele.<br \/>\n[\/et_pb_testimonial][\/et_pb_column][et_pb_column type=&#8221;1_3&#8243; _builder_version=&#8221;3.0.47&#8243; parallax=&#8221;off&#8221; parallax_method=&#8221;on&#8221;][et_pb_testimonial author=&#8221;Alessandra Siqueira&#8221; quote_icon_color=&#8221;#ffffff&#8221; quote_icon_background_color=&#8221;#ba8918&#8243; _builder_version=&#8221;3.11&#8243; body_font=&#8221;||||||||&#8221; body_text_color=&#8221;#ffffff&#8221; background_color=&#8221;#210447&#8243;]Dr. Wellington \u00e9 um excelente profissional que atende seus pacientes com carinho, aten\u00e7\u00e3o e comprometimento. Al\u00e9m de ser muito inteligente e sempre muito bem preparado para qualquer situa\u00e7\u00e3o. Confio no seu trabalho e sou muito exigente e por isso coloco minha sa\u00fade em suas m\u00e3os.<br \/>\n[\/et_pb_testimonial][\/et_pb_column][et_pb_column type=&#8221;1_3&#8243; _builder_version=&#8221;3.0.47&#8243; parallax=&#8221;off&#8221; parallax_method=&#8221;on&#8221;][et_pb_testimonial author=&#8221;Eriberto de Santana&#8221; quote_icon_color=&#8221;#ffffff&#8221; quote_icon_background_color=&#8221;#ba8918&#8243; _builder_version=&#8221;3.11&#8243; body_font=&#8221;||||||||&#8221; body_text_color=&#8221;#ffffff&#8221; background_color=&#8221;#210447&#8243;]Recentemente fiz um procedimento de Artroscopia de ATM e estou em fase de recupera\u00e7\u00e3o e sendo acompanhado pelo Doutor Wellington Vieira. O Doutor Wellington \u00e9 um profissional Prestativo e est\u00e1 sempre pronto para solucionar d\u00favidas dos pacientes.<br \/>\n[\/et_pb_testimonial][\/et_pb_column][\/et_pb_row][\/et_pb_section][et_pb_section fb_built=&#8221;1&#8243; _builder_version=&#8221;3.11&#8243;][et_pb_row _builder_version=&#8221;3.11&#8243;][et_pb_column type=&#8221;4_4&#8243; _builder_version=&#8221;3.0.47&#8243; parallax=&#8221;off&#8221; parallax_method=&#8221;on&#8221;][et_pb_contact_form captcha=&#8221;off&#8221; email=&#8221;atendimento@clinicawvieira.com.br&#8221; title=&#8221;Entre em contato com a WVieira:&#8221; module_id=&#8221;et_pb_contact_form_0&#8243; _builder_version=&#8221;3.11&#8243; title_font=&#8221;||on||||||&#8221; title_text_color=&#8221;#16034f&#8221; form_field_font=&#8221;||||||||&#8221; border_radii=&#8221;on|40px|40px|40px|40px&#8221; border_width_all=&#8221;6px&#8221; border_color_all=&#8221;rgba(51,51,51,0)&#8221; custom_button=&#8221;on&#8221; button_text_color=&#8221;#ffffff&#8221; button_bg_color=&#8221;#ba8918&#8243; button_border_radius=&#8221;45px&#8221; button_font=&#8221;||||||||&#8221;][et_pb_contact_field field_id=&#8221;Name&#8221; field_title=&#8221;Nome&#8221; _builder_version=&#8221;3.0.87&#8243; border_radii=&#8221;on||||&#8221;][\/et_pb_contact_field][et_pb_contact_field field_id=&#8221;Email&#8221; field_title=&#8221;E-mail&#8221; field_type=&#8221;email&#8221; _builder_version=&#8221;3.0.87&#8243; border_radii=&#8221;on||||&#8221;][\/et_pb_contact_field][et_pb_contact_field field_id=&#8221;Message&#8221; field_title=&#8221;Mensagem&#8221; field_type=&#8221;text&#8221; fullwidth_field=&#8221;on&#8221; _builder_version=&#8221;3.0.87&#8243; border_radii=&#8221;on||||&#8221;][\/et_pb_contact_field][\/et_pb_contact_form][\/et_pb_column][\/et_pb_row][\/et_pb_section]<\/p>\n","protected":false},"excerpt":{"rendered":"<p>Estamos prontos para atender voc\u00ea e as pessoas que voc\u00ea mais ama! (11) 4436-7530 Av Portugal, 397 14\u00ba andar &#8211; Sala 1.402 Centro Santo Andr\u00e9 &#8211; SP atendimento@clinicawvieira.com.br Resp T\u00e9cnico: Wellington Vieira CROSP 66490 Em constante aprendizado, nossos profissionais buscam sempre proporcionar os melhores resultados, avaliando e indicando um tratamento personalizado de acordo com a [&hellip;]<\/p>\n","protected":false},"author":1,"featured_media":0,"parent":0,"menu_order":0,"comment_status":"closed","ping_status":"closed","template":"","meta":{"_et_pb_use_builder":"on","_et_pb_old_content":"","_et_gb_content_width":"","footnotes":""},"_links":{"self":[{"href":"https:\/\/clinicawvieira.com.br\/index.php\/wp-json\/wp\/v2\/pages\/10"}],"collection":[{"href":"https:\/\/clinicawvieira.com.br\/index.php\/wp-json\/wp\/v2\/pages"}],"about":[{"href":"https:\/\/clinicawvieira.com.br\/index.php\/wp-json\/wp\/v2\/types\/page"}],"author":[{"embeddable":true,"href":"https:\/\/clinicawvieira.com.br\/index.php\/wp-json\/wp\/v2\/users\/1"}],"replies":[{"embeddable":true,"href":"https:\/\/clinicawvieira.com.br\/index.php\/wp-json\/wp\/v2\/comments?post=10"}],"version-history":[{"count":26,"href":"https:\/\/clinicawvieira.com.br\/index.php\/wp-json\/wp\/v2\/pages\/10\/revisions"}],"predecessor-version":[{"id":377,"href":"https:\/\/clinicawvieira.com.br\/index.php\/wp-json\/wp\/v2\/pages\/10\/revisions\/377"}],"wp:attachment":[{"href":"https:\/\/clinicawvieira.com.br\/index.php\/wp-json\/wp\/v2\/media?parent=10"}],"curies":[{"name":"wp","href":"https:\/\/api.w.org\/{rel}","templated":true}]}}